{"id":19,"date":"2021-09-22T23:06:37","date_gmt":"2021-09-22T20:06:37","guid":{"rendered":"https:\/\/atakmakine.com.tr\/en\/?page_id=19"},"modified":"2024-09-05T16:15:30","modified_gmt":"2024-09-05T13:15:30","slug":"about-us","status":"publish","type":"page","link":"https:\/\/ataksondajmakina.com.tr\/en\/about-us\/","title":{"rendered":"About Us"},"content":{"rendered":"<p>[vc_row full_width=&#8221;stretch_row_content_no_spaces&#8221; content_placement=&#8221;top&#8221; css=&#8221;.vc_custom_1652999223367{margin-top: -70px !important;}&#8221;][vc_column]<div class='la_parallax_row js-el' data-bg-align='' data-direction='up' data-opacity='100' data-velocity='-0' data-mobile-enabled='' data-bg-height='1331' data-bg-width='2560' data-bg-image='https:\/\/ataksondajmakina.com.tr\/en\/wp-content\/uploads\/sites\/3\/revslider\/slideranasayfa\/IMG_7529_c-scaled.jpg' data-bg-repeat='false' data-id='' data-la_component='ParallaxRow' style='display: none'><\/div>[la_divider height=&#8221;lg:350px;&#8221;][\/vc_column][\/vc_row][vc_row content_placement=&#8221;middle&#8221; el_class=&#8221;kutucular&#8221;][vc_column][la_heading use_gfont_title=&#8221;yes&#8221; title=&#8221;ATAK SONDAJ MAK\u0130NA SANAY\u0130 VE T\u0130CARET LTD. \u015eT\u0130.&#8221; title_font=&#8221;font_family:Oswald%3A300%2Cregular%2C700|font_style:700%20bold%20regular%3A700%3Anormal&#8221; title_fz=&#8221;lg:42px;&#8221;][\/la_heading][la_divider height=&#8221;lg:30px;&#8221;][vc_row_inner][vc_column_inner width=&#8221;1\/2&#8243;][vc_tta_accordion][vc_tta_section i_icon_fontawesome=&#8221;fa fa-handshake-o&#8221; add_icon=&#8221;true&#8221; title=&#8221;Our Vision&#8221; tab_id=&#8221;1632082131514-dd2fb6b1-4848&#8243;][la_heading title=&#8221;Our Vision&#8221;][\/la_heading][vc_column_text]<strong>Atak Makine<\/strong>, with the vision of being a pioneer in meeting the needs and expectations of the rapidly growing drilling market, guarantees the continuity of its development through high-quality and distinguished services.[\/vc_column_text][\/vc_tta_section][vc_tta_section i_icon_fontawesome=&#8221;fa fa-dot-circle-o&#8221; add_icon=&#8221;true&#8221; title=&#8221;Our Goals&#8221; tab_id=&#8221;1632082131543-10038537-1688&#8243;][la_heading title=&#8221;Our Goals&#8221;][\/la_heading][vc_column_text]With the awareness that delays can lead to significant losses in the ever-evolving mining and drilling industry, we are at the service of our valued customers across Turkey and around the world, offering solutions for all hydraulic and mechanical failures of drilling machines, as well as providing all necessary spare parts.[\/vc_column_text][\/vc_tta_section][\/vc_tta_accordion][\/vc_column_inner][vc_column_inner width=&#8221;1\/2&#8243;][vc_single_image image=&#8221;231&#8243; img_size=&#8221;medium&#8221;][\/vc_column_inner][\/vc_row_inner][la_divider height=&#8221;lg:50px;&#8221;][\/vc_column][\/vc_row]<\/p>\n","protected":false},"excerpt":{"rendered":"<p>[vc_row full_width=&#8221;stretch_row_content_no_spaces&#8221; content_placement=&#8221;top&#8221; css=&#8221;.vc_custom_1652999223367{margin-top: -70px !important;}&#8221;][vc_column][la_divider height=&#8221;lg:350px;&#8221;][\/vc_column][\/vc_row][vc_row content_placement=&#8221;middle&#8221; el_class=&#8221;kutucular&#8221;][vc_column][la_heading use_gfont_title=&#8221;yes&#8221; title=&#8221;ATAK SONDAJ MAK\u0130NA SANAY\u0130 VE T\u0130CARET LTD. \u015eT\u0130.&#8221; title_font=&#8221;font_family:Oswald%3A300%2Cregular%2C700|font_style:700%20bold%20regular%3A700%3Anormal&#8221; title_fz=&#8221;lg:42px;&#8221;][\/la_heading][la_divider&hellip;<\/p>\n","protected":false},"author":1,"featured_media":0,"parent":0,"menu_order":0,"comment_status":"closed","ping_status":"closed","template":"","meta":{"footnotes":""},"class_list":["post-19","page","type-page","status-publish","hentry"],"_links":{"self":[{"href":"https:\/\/ataksondajmakina.com.tr\/en\/wp-json\/wp\/v2\/pages\/19"}],"collection":[{"href":"https:\/\/ataksondajmakina.com.tr\/en\/wp-json\/wp\/v2\/pages"}],"about":[{"href":"https:\/\/ataksondajmakina.com.tr\/en\/wp-json\/wp\/v2\/types\/page"}],"author":[{"embeddable":true,"href":"https:\/\/ataksondajmakina.com.tr\/en\/wp-json\/wp\/v2\/users\/1"}],"replies":[{"embeddable":true,"href":"https:\/\/ataksondajmakina.com.tr\/en\/wp-json\/wp\/v2\/comments?post=19"}],"version-history":[{"count":6,"href":"https:\/\/ataksondajmakina.com.tr\/en\/wp-json\/wp\/v2\/pages\/19\/revisions"}],"predecessor-version":[{"id":827,"href":"https:\/\/ataksondajmakina.com.tr\/en\/wp-json\/wp\/v2\/pages\/19\/revisions\/827"}],"wp:attachment":[{"href":"https:\/\/ataksondajmakina.com.tr\/en\/wp-json\/wp\/v2\/media?parent=19"}],"curies":[{"name":"wp","href":"https:\/\/api.w.org\/{rel}","templated":true}]}}